{"id":10,"date":"2020-07-02T01:01:08","date_gmt":"2020-07-02T01:01:08","guid":{"rendered":"http:\/\/localhost\/chuahang\/?page_id=10"},"modified":"2023-04-25T04:33:36","modified_gmt":"2023-04-24T21:33:36","slug":"ton-chi-hoat-dong","status":"publish","type":"page","link":"https:\/\/www.chuahanghatinh.org\/?page_id=10","title":{"rendered":"T\u00f4n Ch\u1ec9 Ho\u1ea1t \u0110\u1ed9ng"},"content":{"rendered":"<p class=\"rtejustify\" style=\"text-align: justify;\"><strong>I. Nh\u1eadn \u0111\u1ecbnh<\/strong><\/p>\n<p class=\"rtejustify\" style=\"text-align: justify;\">Truy\u1ec1n th\u00f4ng Ph\u1eadt gi\u00e1o qua Internet \u0111ang m\u1edf ra m\u1ed9t kh\u1ea3 n\u0103ng k\u1ef3 di\u1ec7u cho vi\u1ec7c r\u1ed9ng truy\u1ec1n Gi\u00e1o ph\u00e1p. Trong khi c\u00e1c bu\u1ed5i gi\u1ea3ng ph\u00e1p, c\u00e1c kh\u00f3a tu l\u1edbn d\u00e0nh cho Ph\u1eadt t\u1eed v\u1eabn c\u00f2n h\u1ea1n ch\u1ebf \u1edf nh\u1eefng th\u00e0nh ph\u1ed1 l\u1edbn v\u00e0 m\u1ed9t s\u1ed1 v\u00f9ng mi\u1ec1n c\u00f3 \u0111\u1ee7 \u0111i\u1ec1u ki\u1ec7n, ph\u01b0\u01a1ng ti\u1ec7n, th\u00ec vi\u1ec7c truy\u1ec1n ph\u00e1p online l\u1ea1i ng\u00e0y c\u00e0ng thu h\u1eb9p d\u1ea7n nh\u1eefng h\u1ea1n ch\u1ebf tr\u01b0\u1edbc \u0111\u00e2y. \u0110\u01b0\u1eddng truy\u1ec1n Internet ng\u00e0y c\u00e0ng ph\u1ed5 c\u1eadp v\u00e0 d\u1ec5 d\u00e0ng c\u00f3 \u0111\u01b0\u1ee3c, t\u1eeb c\u00e1c m\u1ea1ng c\u00e1p quang t\u1ed1c \u0111\u1ed9 cao cho \u0111\u1ebfn h\u1ec7 th\u1ed1ng s\u00f3ng 3G (v\u00e0 m\u1ed9t s\u1ed1 n\u01a1i \u0111\u00e3 c\u00f3 4G) ph\u1ee7 kh\u1eafp m\u1ecdi n\u01a1i, \u0111\u00e3 t\u1ea1o \u0111i\u1ec1u ki\u1ec7n \u0111\u1ec3 \u0111a s\u1ed1 ng\u01b0\u1eddi d\u00e2n \u0111\u1ec1u c\u00f3 th\u1ec3 ti\u1ebfp c\u1eadn \u0111\u01b0\u1ee3c Internet, k\u1ec3 c\u1ea3 \u1edf m\u1ed9t s\u1ed1 v\u00f9ng xa x\u00f4i h\u1ebbo l\u00e1nh. Song song theo \u0111\u00f3, s\u1ef1 ph\u00e1t tri\u1ec3n \u0111a d\u1ea1ng c\u00e1c thi\u1ebft b\u1ecb k\u1ebft n\u1ed1i nh\u01b0 iPhone, iPad, Laptop cho \u0111\u1ebfn c\u00e1c d\u00f2ng smart phone gi\u00e1 r\u1ebb&#8230; \u0111\u00e3 m\u1edf ra kh\u1ea3 n\u0103ng ti\u1ebfp c\u1eadn Internet cho c\u1ea3 nh\u1eefng ng\u01b0\u1eddi c\u00f3 thu nh\u1eadp th\u1ea5p v\u00e0 r\u1ea5t th\u1ea5p trong x\u00e3 h\u1ed9i. D\u00e2n s\u1ed1 Vi\u1ec7t Nam c\u00f3 s\u1eed d\u1ee5ng Internet \u0111\u01b0\u1ee3c th\u1ed1ng k\u00ea ch\u00ednh th\u1ee9c v\u00e0o gi\u1eefa n\u0103m 2012 l\u00e0 h\u01a1n 30 tri\u1ec7u ng\u01b0\u1eddi. V\u1edbi t\u1ed1c \u0111\u1ed9 ph\u00e1t tri\u1ec3n c\u1ef1c nhanh c\u1ee7a 5 n\u0103m qua, con s\u1ed1 n\u00e0y ng\u00e0y nay (2016) h\u1eb3n \u0111\u00e3 ph\u00e1t tri\u1ec3n l\u00ean cao h\u01a1n g\u1ea5p nhi\u1ec1u l\u1ea7n. V\u00e0 n\u1ebfu x\u00e9t \u0111\u1ebfn s\u1ed1 l\u01b0\u1ee3ng ng\u01b0\u1eddi Vi\u1ec7t Nam \u0111ang sinh s\u1ed1ng tr\u00ean to\u00e0n c\u1ea7u, \u1edf nh\u1eefng n\u01a1i c\u00f3 \u0111i\u1ec1u ki\u1ec7n kinh t\u1ebf k\u1ef9 thu\u1eadt d\u1ec5 d\u00e0ng h\u01a1n trong n\u01b0\u1edbc, th\u00ec t\u1ef7 l\u1ec7 ng\u01b0\u1eddi s\u1eed d\u1ee5ng Internet ch\u1eafc ch\u1eafn c\u00f2n cao h\u01a1n n\u1eefa. V\u00e0 nh\u01b0 v\u1eady, vi\u1ec7c s\u1eed d\u1ee5ng Internet nh\u01b0 m\u1ed9t ph\u01b0\u01a1ng ti\u1ec7n truy\u1ec1n b\u00e1 Gi\u00e1o ph\u00e1p v\u1eeba l\u00e0 m\u1ed9t l\u1ee3i th\u1ebf c\u1ee7a th\u1eddi \u0111\u1ea1i, nh\u01b0ng \u0111\u1ed3ng th\u1eddi c\u0169ng \u0111\u00e3 tr\u1edf th\u00e0nh m\u1ed9t nhu c\u1ea7u t\u1ea5t y\u1ebfu \u0111\u1ec3 c\u00f3 th\u1ec3 \u0111\u01b0a Gi\u00e1o ph\u00e1p c\u1ee7a \u0110\u1ee9c Th\u1ebf T\u00f4n \u0111\u1ebfn v\u1edbi t\u1ea5t c\u1ea3 m\u1ecdi ng\u01b0\u1eddi.<\/p>\n<p class=\"rtejustify\" style=\"text-align: justify;\">Ch\u00fang ta r\u1ea5t hoan h\u1ef7 t\u00e1n th\u00e1n c\u0169ng nh\u01b0 kh\u00f4ng th\u1ec3 ph\u1ee7 nh\u1eadn hi\u1ec7u qu\u1ea3 l\u1edbn lao c\u1ee7a nh\u1eefng kh\u00f3a tu hi\u1ec7n nay \u0111\u01b0\u1ee3c t\u1ed5 ch\u1ee9c v\u1edbi quy m\u00f4 l\u1edbn. Nhi\u1ec1u Ph\u1eadt t\u1eed kh\u00e1t khao \u0111\u01b0\u1ee3c nghe ph\u00e1p v\u00e0 tu t\u1eadp \u0111\u1ebfn m\u1ee9c ch\u1ea5p nh\u1eadn b\u1ecf ra r\u1ea5t nhi\u1ec1u th\u1eddi gian, ti\u1ec1n b\u1ea1c \u0111\u1ec3 \u0111\u01b0\u1ee3c tham d\u1ef1 c\u00e1c kh\u00f3a tu t\u1eadp. M\u1ed7i kh\u00f3a tu c\u1ee7a ch\u00f9a c\u00f3 h\u00e0ng tr\u0103m ng\u01b0\u1eddi t\u1eeb nhi\u1ec1u t\u1ec9nh th\u00e0nh trong n\u01b0\u1edbc v\u1ec1 tham d\u1ef1. M\u1ed9t s\u1ed1 Ph\u1eadt t\u1eed Vi\u1ec7t Nam c\u00f2n sang t\u1eadn Th\u00e1i Lan d\u1ef1 c\u00e1c kh\u00f3a tu do L\u00e0ng Mai t\u1ed5 ch\u1ee9c h\u1eb1ng n\u0103m. V\u00e0 tr\u00ean th\u1ebf gi\u1edbi th\u00ec kh\u00f4ng \u00edt c\u00e1c Ph\u1eadt t\u1eed s\u1eb5n s\u00e0ng v\u01b0\u1ee3t qua h\u00e0ng tr\u0103m, h\u00e0ng ng\u00e0n d\u1eb7m \u0111\u01b0\u1eddng \u0111\u1ec3 tham d\u1ef1 c\u00e1c kh\u00f3a tu \u1edf nh\u1eefng trung t\u00e2m, nh\u1eefng thi\u1ec1n vi\u1ec7n l\u1edbn&#8230; Tuy nhi\u00ean, ch\u00fang ta c\u1ea7n ph\u1ea3i nh\u00ecn s\u00e2u h\u01a1n v\u00e0o v\u1ea5n \u0111\u1ec1 \u0111\u1ec3 nh\u1eadn ra m\u1ed9t s\u1ef1 th\u1eadt: C\u00f3 bao nhi\u00eau ph\u1ea7n tr\u0103m Ph\u1eadt t\u1eed \u0111\u1ee7 kh\u1ea3 n\u0103ng tham gia nh\u01b0 th\u1ebf? Th\u1eddi gian v\u00e0 ph\u00ed t\u1ed5n lu\u00f4n l\u00e0 nh\u1eefng r\u00e0o c\u1ea3n r\u1ea5t kh\u00f3 v\u01b0\u1ee3t qua \u0111\u1ed1i v\u1edbi nhi\u1ec1u ng\u01b0\u1eddi, c\u00f3 th\u1ec3 n\u00f3i l\u00e0 \u0111a s\u1ed1. H\u01a1n n\u1eefa, c\u00e1c kh\u00f3a tu nh\u01b0 th\u1ebf kh\u00f4ng di\u1ec5n ra th\u01b0\u1eddng xuy\u00ean, trong khi nhu c\u1ea7u tu h\u1ecdc Ph\u1eadt ph\u00e1p l\u00e0 m\u1ed9t nhu c\u1ea7u c\u1ea7n ph\u1ea3i \u0111\u01b0\u1ee3c \u0111\u00e1p \u1ee9ng trong \u0111\u1eddi s\u1ed1ng h\u1eb1ng ng\u00e0y.<\/p>\n<p class=\"rtejustify\" style=\"text-align: justify;\">T\u1eeb nh\u1eefng nh\u1eadn th\u1ee9c n\u00eau tr\u00ean, qua nhi\u1ec1u n\u0103m thao th\u1ee9c tr\u0103n tr\u1edf, ch\u00fang t\u00f4i lu\u00f4n ngh\u0129 \u0111\u1ebfn m\u1ed9t h\u00ecnh th\u1ee9c t\u1ed5 ch\u1ee9c sao cho c\u00f3 th\u1ec3 t\u1eadn d\u1ee5ng t\u1ed1i \u0111a l\u1ee3i th\u1ebf c\u1ee7a c\u00f4ng ngh\u1ec7 th\u00f4ng tin hi\u1ec7n \u0111\u1ea1i nh\u1eb1m \u0111\u00e1p \u1ee9ng nhu c\u1ea7u h\u1ecdc h\u1ecfi v\u00e0 tu t\u1eadp Gi\u00e1o ph\u00e1p c\u1ee7a Ph\u1eadt t\u1eed kh\u1eafp n\u01a1i, \u0111\u1ed3ng th\u1eddi c\u0169ng k\u1ebft h\u1ee3p c\u1ea3 nh\u1eefng ho\u1ea1t \u0111\u1ed9ng g\u00f3p s\u1ee9c x\u00e2y d\u1ef1ng c\u1ed9ng \u0111\u1ed3ng trong tinh th\u1ea7n ph\u1ee5ng s\u1ef1 c\u1ee7a ng\u01b0\u1eddi con Ph\u1eadt. V\u00e0 m\u1ed9t h\u00ecnh th\u1ee9c t\u1ed5 ch\u1ee9c nh\u01b0 th\u1ebf c\u0169ng c\u1ea7n ph\u1ea3i t\u1ea1o ra \u0111\u01b0\u1ee3c kh\u1ea3 n\u0103ng li\u00ean k\u1ebft t\u1ea5t c\u1ea3 m\u1ecdi ng\u01b0\u1eddi Ph\u1eadt t\u1eed trong tinh th\u1ea7n ph\u1ee5ng s\u1ef1, sao cho m\u1ed7i ng\u01b0\u1eddi \u0111\u1ec1u c\u00f3 th\u1ec3 g\u00f3p s\u1ee9c ph\u1ee5ng s\u1ef1 tha nh\u00e2n m\u1ed9t c\u00e1ch v\u00f4 v\u1ecb l\u1ee3i, nh\u01b0ng \u0111\u1ed3ng th\u1eddi th\u00f4ng qua s\u1ef1 g\u00f3p s\u1ee9c ph\u1ee5ng s\u1ef1 \u0111\u00f3, m\u1ed7i ng\u01b0\u1eddi c\u0169ng \u0111\u1ec1u s\u1ebd nh\u1eadn \u0111\u01b0\u1ee3c l\u1ee3i l\u1ea1c t\u1eeb m\u1ed9t c\u1ed9ng \u0111\u1ed3ng chung lu\u00f4n \u0111\u01b0\u1ee3c x\u00e2y d\u1ef1ng v\u00e0 ph\u00e1t tri\u1ec3n ng\u00e0y c\u00e0ng t\u1ed1t \u0111\u1eb9p, ho\u00e0n thi\u1ec7n h\u01a1n.<\/p>\n<p style=\"text-align: justify;\"><img loading=\"lazy\" decoding=\"async\" class=\"aligncenter wp-image-11 size-full\" src=\"https:\/\/www.chuahanghatinh.org\/wp-content\/uploads\/2020\/07\/chht_banner_800_325.jpg\" alt=\"\" width=\"801\" height=\"325\" srcset=\"https:\/\/www.chuahanghatinh.org\/wp-content\/uploads\/2020\/07\/chht_banner_800_325.jpg 801w, https:\/\/www.chuahanghatinh.org\/wp-content\/uploads\/2020\/07\/chht_banner_800_325-300x122.jpg 300w, https:\/\/www.chuahanghatinh.org\/wp-content\/uploads\/2020\/07\/chht_banner_800_325-768x312.jpg 768w\" sizes=\"auto, (max-width: 801px) 100vw, 801px\" \/><\/p>\n<p style=\"text-align: justify;\"><strong>II. M\u1ee5c \u0111\u00edch<\/strong><\/p>\n<p class=\"rtejustify\" style=\"text-align: justify;\">T\u1eeb nh\u1eadn \u0111\u1ecbnh n\u00eau tr\u00ean, Ch\u00f9a \u0111\u1ec1 ra c\u00e1c m\u1ee5c \u0111\u00edch nh\u01b0 sau:<\/p>\n<p style=\"text-align: justify;\">&#8211; T\u1eadn d\u1ee5ng \u01b0u th\u1ebf c\u1ee7a truy\u1ec1n th\u00f4ng qua Internet \u0111\u1ec3 \u0111\u01b0a Gi\u00e1o ph\u00e1p \u0111\u1ebfn v\u1edbi t\u1ea5t c\u1ea3 m\u1ecdi ng\u01b0\u1eddi, bao g\u1ed3m Kinh \u0111i\u1ec3n, s\u00e1ch Ph\u1eadt h\u1ecdc, c\u00e1c b\u00e0i gi\u1ea3ng ph\u00e1p ho\u1eb7c n\u1ed9i dung c\u00e1c kh\u00f3a tu h\u1ecdc, h\u1ed7 tr\u1ee3 ng\u01b0\u1eddi d\u00f9ng tra c\u1ee9u t\u1eeb \u0111i\u1ec3n thu\u1eadt ng\u1eef Ph\u1eadt h\u1ecdc, nghi\u00ean c\u1ee9u h\u1ecdc h\u1ecfi Gi\u00e1o ph\u00e1p&#8230; th\u00f4ng qua nh\u1eefng k\u1ef9 thu\u1eadt ti\u00ean ti\u1ebfn v\u00e0 s\u1ef1 ch\u1ecdn l\u1ecdc h\u1ee3p l\u00fd c\u0169ng nh\u01b0 t\u1ed5 ch\u1ee9c cung c\u1ea5p th\u00f4ng tin c\u00f3 h\u1ec7 th\u1ed1ng. N\u00f3i chung, Ch\u00f9a s\u1ebd s\u1eed d\u1ee5ng m\u1ecdi ph\u01b0\u01a1ng ti\u1ec7n v\u00e0 kh\u1ea3 n\u0103ng t\u1ed1i \u01b0u s\u1eb5n c\u00f3 \u0111\u1ec3 nh\u1eafm \u0111\u1ebfn m\u1ed9t m\u1ee5c ti\u00eau c\u1ee5 th\u1ec3: <strong>\u1ede \u0111\u00e2u c\u00f3 Internet, \u1edf \u0111\u00f3 c\u00f3 th\u1ec3 tu h\u1ecdc Gi\u00e1o ph\u00e1p.<\/strong><\/p>\n<p style=\"text-align: justify;\">&#8211; V\u1eadn d\u1ee5ng Ph\u1eadt ph\u00e1p v\u00e0o ngay trong \u0111\u1eddi s\u1ed1ng h\u1eb1ng ng\u00e0y, chia s\u1ebb c\u00e1c gi\u00e1 tr\u1ecb v\u1eadt ch\u1ea5t v\u00e0 tinh th\u1ea7n theo \u0111\u00fang tinh th\u1ea7n v\u1ecb tha nh\u01b0 l\u1eddi Ph\u1eadt d\u1ea1y. Th\u00f4ng qua vi\u1ec7c t\u1ed5 ch\u1ee9c c\u00e1c kh\u00f3a h\u1ecdc online, c\u00e1c ho\u1ea1t \u0111\u1ed9ng t\u1eeb thi\u1ec7n x\u00e3 h\u1ed9i, h\u1ed7 tr\u1ee3 gi\u00e1o d\u1ee5c, y t\u1ebf thi\u1ec7n nguy\u1ec7n, \u1ea5n t\u1ed1ng kinh s\u00e1ch&#8230; \u0111\u1ec3 k\u1ebft n\u1ed1i m\u1ecdi ng\u01b0\u1eddi con Ph\u1eadt trong tinh th\u1ea7n ph\u1ee5ng s\u1ef1 c\u1ed9ng \u0111\u1ed3ng. N\u00f3i chung, m\u1ecdi ho\u1ea1t \u0111\u1ed9ng c\u1ee7a Ch\u00f9a trong kh\u1ea3 n\u0103ng c\u1ee7a m\u00ecnh s\u1ebd lu\u00f4n nh\u1eafm \u0111\u1ebfn m\u1ee5c \u0111\u00edch: <strong>M\u1ed7i ng\u01b0\u1eddi v\u00ec m\u1ecdi ng\u01b0\u1eddi, ng\u01b0\u1eddi ng\u01b0\u1eddi \u0111\u1ec1u l\u1ee3i l\u1ea1c. <\/strong><\/p>\n<p class=\"rtejustify\" style=\"text-align: justify;\"><img loading=\"lazy\" decoding=\"async\" class=\"aligncenter wp-image-12 size-full\" src=\"https:\/\/www.chuahanghatinh.org\/wp-content\/uploads\/2020\/07\/chht_hoa_uu_dam_1.jpg\" alt=\"\" width=\"720\" height=\"340\" srcset=\"https:\/\/www.chuahanghatinh.org\/wp-content\/uploads\/2020\/07\/chht_hoa_uu_dam_1.jpg 720w, https:\/\/www.chuahanghatinh.org\/wp-content\/uploads\/2020\/07\/chht_hoa_uu_dam_1-300x142.jpg 300w\" sizes=\"auto, (max-width: 720px) 100vw, 720px\" \/><\/p>\n<p class=\"rtejustify\" style=\"text-align: justify;\"><strong>III. T\u00f4n ch\u1ec9<\/strong><\/p>\n<p class=\"rtejustify\" style=\"text-align: justify;\">Ch\u00f9a h\u01b0\u1edbng \u0111\u1ebfn c\u00e1c m\u1ee5c \u0111\u00edch nh\u01b0 tr\u00ean th\u00f4ng qua m\u1ed9t t\u00f4n ch\u1ec9 duy nh\u1ea5t v\u00e0 xuy\u00ean su\u1ed1t m\u1ecdi ho\u1ea1t \u0111\u1ed9ng c\u1ee7a Ch\u00f9a, \u0111\u00f3 l\u00e0: Li\u00ean k\u1ebft v\u00e0 ph\u1ee5ng s\u1ef1.<\/p>\n<p style=\"text-align: justify;\">Li\u00ean k\u1ebft, v\u00ec theo l\u1eddi Ph\u1eadt d\u1ea1y th\u00ec b\u1ea3n ch\u1ea5t c\u1ee7a th\u1ebf gi\u1edbi n\u00e0y v\u1ed1n \u0111\u00e3 l\u00e0 m\u1ed9t t\u1ed5ng th\u1ec3 t\u01b0\u01a1ng quan t\u01b0\u01a1ng thu\u1ed9c. Ch\u00fang ta kh\u00f4ng th\u1ec3 h\u00e0nh \u0111\u1ed9ng l\u1ebb loi \u0111\u1ec3 m\u01b0u c\u1ea7u l\u1ee3i l\u1ea1c hay an vui h\u1ea1nh ph\u00fac cho ri\u00eang m\u00ecnh. Li\u00ean k\u1ebft c\u00f9ng nhau th\u00ec m\u1ed7i ch\u00fang ta \u0111\u1ec1u s\u1ebd c\u00f3 th\u00eam s\u1ee9c m\u1ea1nh, s\u1ebd c\u00f3 \u0111\u01b0\u1ee3c s\u1ef1 n\u00e2ng \u0111\u1ee1, h\u1ed7 tr\u1ee3 t\u1eeb c\u1ed9ng \u0111\u1ed3ng, v\u00e0 do \u0111\u00f3 c\u00f3 th\u1ec3 d\u1ec5 d\u00e0ng h\u01a1n trong nh\u1eefng n\u1ed7 l\u1ef1c ho\u00e0n thi\u1ec7n b\u1ea3n th\u00e2n m\u00ecnh v\u00e0 ph\u1ee5ng s\u1ef1 tha nh\u00e2n.<\/p>\n<p style=\"text-align: justify;\">Ph\u1ee5ng s\u1ef1, v\u00ec c\u0169ng theo l\u1eddi Ph\u1eadt d\u1ea1y, ph\u1ee5ng s\u1ef1 tha nh\u00e2n ch\u00ednh l\u00e0 ph\u1ee5ng s\u1ef1 b\u1ea3n th\u00e2n m\u00ecnh. Th\u00f4ng qua vi\u1ec7c ph\u1ee5ng s\u1ef1 tha nh\u00e2n trong tinh th\u1ea7n v\u1ecb tha v\u00f4 v\u1ecb l\u1ee3i, ch\u00fang ta s\u1ebd tu d\u01b0\u1ee1ng \u0111\u01b0\u1ee3c c\u00e1c ph\u1ea9m t\u00ednh t\u1eeb bi h\u1ef7 x\u1ea3 m\u00e0 \u0111\u1ea1o Ph\u1eadt \u0111\u00e3 truy\u1ec1n d\u1ea1y, v\u00e0 \u0111\u00f3 l\u00e0 ph\u01b0\u01a1ng th\u1ee9c ch\u00e2n ch\u00e1nh duy nh\u1ea5t \u0111\u1ec3 m\u1ed7i ng\u01b0\u1eddi c\u00f3 th\u1ec3 \u0111\u1ea1t \u0111\u1ebfn s\u1ef1 an vui h\u1ea1nh ph\u00fac d\u00e0i l\u00e2u.<\/p>\n<p style=\"text-align: justify;\">Li\u00ean k\u1ebft kh\u00f4ng nh\u1eb1m m\u1ee5c \u0111\u00edch ph\u1ee5ng s\u1ef1 th\u00ec m\u1ecdi li\u00ean k\u1ebft \u0111\u1ec1u s\u1ebd kh\u00f4ng b\u1ec1n v\u1eefng, b\u1edfi n\u00f3 kh\u00f4ng th\u1ef1c s\u1ef1 mang l\u1ea1i an vui l\u1ee3i l\u1ea1c cho c\u1ea3 \u0111\u00f4i b\u00ean.<\/p>\n<p style=\"text-align: justify;\">Ph\u1ee5ng s\u1ef1 kh\u00f4ng c\u00f3 li\u00ean k\u1ebft th\u00ec t\u00e2m nguy\u1ec7n ph\u1ee5ng s\u1ef1 d\u00f9 m\u1ea1nh m\u1ebd \u0111\u1ebfn \u0111\u00e2u c\u0169ng ch\u1ec9 l\u00e0 \u01b0\u1edbc nguy\u1ec7n m\u00e0 r\u1ea5t kh\u00f3 tr\u1edf th\u00e0nh hi\u1ec7n th\u1ef1c v\u00ec kh\u00f4ng \u0111\u1ee7 s\u1ee9c th\u1ef1c hi\u1ec7n.<\/p>\n<p style=\"text-align: justify;\">V\u00ec th\u1ebf, t\u00f4n ch\u1ec9 c\u1ee7a Ch\u00f9a k\u1ec3 t\u1eeb khi th\u00e0nh l\u1eadp l\u00e0 li\u00ean k\u1ebft v\u00e0 ph\u1ee5ng s\u1ef1, v\u00e0 s\u1ebd ti\u1ebfp t\u1ee5c duy tr\u00ec trong su\u1ed1t qu\u00e1 tr\u00ecnh ho\u1ea1t \u0111\u1ed9ng c\u1ee7a h\u1ed9i k\u1ec3 t\u1eeb nay cho \u0111\u1ebfn mai sau.<\/p>\n<p style=\"text-align: justify;\">Theo t\u00f4n ch\u1ec9 li\u00ean k\u1ebft, Ch\u00f9a hoan ngh\u00eanh s\u1ef1 tham gia li\u00ean k\u1ebft v\u1edbi m\u1ecdi c\u00e1 nh\u00e2n v\u00e0 t\u1ed5 ch\u1ee9c c\u00f3 c\u00f9ng m\u1ee5c \u0111\u00edch ph\u1ee5ng s\u1ef1 tha nh\u00e2n, ph\u1ee5ng s\u1ef1 \u0110\u1ea1o ph\u00e1p, kh\u00f4ng ph\u00e2n bi\u1ec7t v\u00f9ng mi\u1ec1n, t\u00f4ng ph\u00e1i hay truy\u1ec1n th\u1ed1ng tu t\u1eadp kh\u00e1c nhau. C\u00e1c th\u00e0nh vi\u00ean li\u00ean k\u1ebft \u0111\u1ec1u ho\u1ea1t \u0111\u1ed9ng \u0111\u1ed9c l\u1eadp \u0111\u1ec3 ph\u1ee5ng s\u1ef1 theo ph\u01b0\u01a1ng h\u01b0\u1edbng v\u00e0 c\u00e1ch th\u1ee9c c\u1ee7a ri\u00eang m\u00ecnh, ph\u00f9 h\u1ee3p v\u1edbi t\u00f4n ch\u1ec9 c\u1ee7a Ch\u00f9a nh\u01b0ng ho\u00e0n to\u00e0n kh\u00f4ng c\u00f3 s\u1ef1 ph\u1ee5 thu\u1ed9c ho\u1eb7c chi ph\u1ed1i l\u1eabn nhau. S\u1ef1 li\u00ean k\u1ebft ch\u1ec9 nh\u1eb1m gi\u00fap \u0111\u1ee1 v\u00e0 h\u1ed7 tr\u1ee3 l\u1eabn nhau.<\/p>\n<p style=\"text-align: justify;\">Theo t\u00f4n ch\u1ec9 ph\u1ee5ng s\u1ef1, m\u1ecdi ho\u1ea1t \u0111\u1ed9ng c\u1ee7a Ch\u00f9a \u0111\u1ec1u ho\u00e0n to\u00e0n phi l\u1ee3i nhu\u1eadn (non-profit), kh\u00f4ng ch\u1ec9 trong c\u00e1c ho\u1ea1t \u0111\u1ed9ng truy\u1ec1n th\u00f4ng online m\u00e0 k\u1ec3 c\u1ea3 c\u00e1c ho\u1ea1t \u0111\u1ed9ng offline. Ch\u00f9a ph\u1ee5ng s\u1ef1 c\u1ed9ng \u0111\u1ed3ng b\u1eb1ng v\u00e0o kh\u1ea3 n\u0103ng t\u1ef1 l\u1ef1c c\u1ee7a c\u00e1c h\u1ed9i vi\u00ean, kh\u00f4ng ch\u1ea5p nh\u1eadn b\u1ea5t k\u1ef3 h\u00ecnh th\u1ee9c quy\u00ean g\u00f3p hay g\u00e2y qu\u1ef9 n\u00e0o nh\u00e2n danh Ch\u00f9a Hang.<\/p>\n","protected":false},"excerpt":{"rendered":"<p>I. Nh\u1eadn \u0111\u1ecbnh Truy\u1ec1n th\u00f4ng Ph\u1eadt gi\u00e1o qua Internet \u0111ang m\u1edf ra m\u1ed9t kh\u1ea3 n\u0103ng k\u1ef3 di\u1ec7u cho vi\u1ec7c r\u1ed9ng truy\u1ec1n Gi\u00e1o ph\u00e1p. Trong khi c\u00e1c bu\u1ed5i gi\u1ea3ng ph\u00e1p, c\u00e1c kh\u00f3a tu l\u1edbn d\u00e0nh cho Ph\u1eadt t\u1eed v\u1eabn c\u00f2n h\u1ea1n ch\u1ebf \u1edf nh\u1eefng th\u00e0nh ph\u1ed1 l\u1edbn v\u00e0 m\u1ed9t s\u1ed1 v\u00f9ng mi\u1ec1n c\u00f3 \u0111\u1ee7 \u0111i\u1ec1u ki\u1ec7n,&#8230;<\/p>\n","protected":false},"author":1,"featured_media":0,"parent":0,"menu_order":0,"comment_status":"closed","ping_status":"closed","template":"","meta":{"ngg_post_thumbnail":0,"footnotes":""},"class_list":["post-10","page","type-page","status-publish","hentry"],"_links":{"self":[{"href":"https:\/\/www.chuahanghatinh.org\/index.php?rest_route=\/wp\/v2\/pages\/10","targetHints":{"allow":["GET"]}}],"collection":[{"href":"https:\/\/www.chuahanghatinh.org\/index.php?rest_route=\/wp\/v2\/pages"}],"about":[{"href":"https:\/\/www.chuahanghatinh.org\/index.php?rest_route=\/wp\/v2\/types\/page"}],"author":[{"embeddable":true,"href":"https:\/\/www.chuahanghatinh.org\/index.php?rest_route=\/wp\/v2\/users\/1"}],"replies":[{"embeddable":true,"href":"https:\/\/www.chuahanghatinh.org\/index.php?rest_route=%2Fwp%2Fv2%2Fcomments&post=10"}],"version-history":[{"count":7,"href":"https:\/\/www.chuahanghatinh.org\/index.php?rest_route=\/wp\/v2\/pages\/10\/revisions"}],"predecessor-version":[{"id":4103,"href":"https:\/\/www.chuahanghatinh.org\/index.php?rest_route=\/wp\/v2\/pages\/10\/revisions\/4103"}],"wp:attachment":[{"href":"https:\/\/www.chuahanghatinh.org\/index.php?rest_route=%2Fwp%2Fv2%2Fmedia&parent=10"}],"curies":[{"name":"wp","href":"https:\/\/api.w.org\/{rel}","templated":true}]}}