{"id":6,"date":"2020-07-02T00:58:34","date_gmt":"2020-07-02T00:58:34","guid":{"rendered":"http:\/\/localhost\/chuahang\/?page_id=6"},"modified":"2023-04-25T04:32:45","modified_gmt":"2023-04-24T21:32:45","slug":"lich-su-chua-hang-ha-tinh","status":"publish","type":"page","link":"https:\/\/www.chuahanghatinh.org\/?page_id=6","title":{"rendered":"L\u1ecbch s\u1eed Ch\u00f9a Hang H\u00e0 T\u0129nh"},"content":{"rendered":"<p class=\"rtejustify\" style=\"text-align: justify;\"><strong>I. L\u1ecbch s\u1eed h\u00ecnh th\u00e0nh v\u00e0 t\u00f4n t\u1ea1o Ch\u00f9a<\/strong><\/p>\n<p class=\"rtejustify\" style=\"text-align: justify;\">Theo l\u1ecbch s\u1eed, Ch\u00f9a Hang t\u1ecda l\u1ea1c tr\u00ean d\u00e3y n\u00fai H\u1ed3ng L\u0129nh (H\u00e0 T\u0129nh) c\u00f3 t\u1eeb th\u1eddi H\u1eadu L\u00ea, \u0111\u01b0\u1ee3c bi\u1ebft \u0111\u1ebfn t\u1eeb th\u1ebf k\u1ef7 XVII. Ch\u00f9a n\u1eb1m trong chu\u1ed7i li\u00ean k\u1ebft h\u1ec7 th\u1ed1ng ch\u00f9a c\u00f9ng tr\u00ean d\u00e3y&nbsp;n\u00fai H\u1ed3ng L\u0129nh, ph\u00eda B\u1eafc c\u00f3 Ch\u00f9a Thi\u00ean T\u01b0\u1ee3ng, Ch\u00f9a Long \u0110\u00e0m, Ch\u00f9a M\u00f3c, Ch\u00f9a D\u1eb1ng, Ch\u00f9a B\u1ea3o \u00c2n,&nbsp;xa h\u01a1n c\u00f3 Ch\u00f9a \u0110\u1ea1i H\u00f9ng v\u00e0 Ch\u00f9a H\u01b0\u01a1ng T\u00edch. Tr\u1ea3i qua m\u1ed9t th\u1eddi k\u1ef3 d\u00e0i kh\u00f4ng c\u00f3 ng\u01b0\u1eddi \u1edf, Ch\u00f9a hoang ph\u1ebf, ch\u1ec9 c\u00f2n l\u1ea1i m\u1ed9t c\u00e1i hang nh\u1ecf, s\u1eadp l\u1edf, xung quanh b\u1ecb \u0111\u1ea5t \u0111\u00e1 b\u1ed3i \u0111\u1eafp.<\/p>\n<p class=\"rtejustify\" style=\"text-align: justify;\">N\u0103m 1990, Th\u1ea7y Tr\u1ea7n V\u0103n Ph\u00fa \u0111\u00e3 ph\u00e1t hi\u1ec7n ra Ng\u00f4i ch\u00f9a n\u00e0y. Th\u1ea7y b\u1eaft \u0111\u1ea7u \u0111i v\u00e0o t\u00f4n t\u1ea1o v\u00e0 t\u1eebng b\u01b0\u1edbc c\u00f9ng v\u1edbi c\u00e1c Ph\u1eadt t\u1eed th\u1eadp ph\u01b0\u01a1ng m\u1edf r\u1ed9ng d\u1ea7n. Khu\u00f4n vi\u00ean Ch\u00f9a \u0111\u01b0\u1ee3c h\u00ecnh th\u00e0nh quanh \u0111i\u1ec3m trung t\u00e2m l\u00e0 khu v\u1ef1c \u0110\u1ed9ng Hang &#8211; gi\u1eef nguy\u00ean d\u1ea5u t\u00edch l\u1ecbch s\u1eed, \u0111\u1ed3ng th\u1eddi Th\u1ea7y xin Ch\u00ednh quy\u1ec1n m\u1edf r\u1ed9ng d\u1ea7n \u0111\u1ec3 \u0111\u00e1p \u1ee9ng nhu c\u1ea7u c\u1ee7a c\u00e1c Ph\u1eadt t\u1eed \u0111\u1ebfn tu h\u1ecdc v\u00e0 ch\u1eefa b\u1ec7nh t\u1ea1i Ch\u00f9a.<\/p>\n<p class=\"rtejustify\" style=\"text-align: justify;\">Do \u0111\u00f3, Ch\u00f9a Hang \u0111\u01b0\u1ee3c ph\u00e2n th\u00e0nh 2 ch\u00f9a c\u00f3 t\u00ean l\u00e0 Ch\u00f9a Th\u01b0\u1ee3ng v\u00e0 Ch\u00f9a H\u1ea1. Hai Ng\u00f4i Tam B\u1ea3o v\u00e0 hai qu\u1ea7n th\u1ec3 Ch\u00f9a c\u00e1ch nhau 300m, c\u00f9ng tr\u00ean d\u00e3y n\u00fai H\u1ed3ng L\u0129nh.<\/p>\n<p class=\"rtejustify\" style=\"text-align: justify;\"><strong>C\u1ee5 th\u1ec3 qu\u00e1 tr\u00ecnh t\u00f4n t\u1ea1o v\u00e0 x\u00e2y d\u1ef1ng Ch\u00f9a Hang:<\/strong><\/p>\n<p class=\"rtejustify\" style=\"text-align: justify;\"><strong>&#8211; T\u1eeb n\u0103m 1990 \u0111\u1ebfn n\u0103m 1998:<\/strong>&nbsp;Ch\u00f9a \u0111\u01b0\u1ee3c t\u00f4n t\u1ea1o s\u01a1 khai, h\u00ecnh th\u00e0nh Ng\u00f4i Tam B\u1ea3o trong Hang v\u00e0 l\u00e0m s\u00e2n tr\u01b0\u1edbc Hang. Trong th\u1eddi gian n\u00e0y, Ch\u00f9a ti\u1ebfn h\u00e0nh x\u00e2y d\u1ef1ng Cung Ph\u1eadt M\u1eabu.<\/p>\n<p class=\"rtejustify\" style=\"text-align: justify;\"><strong>&#8211; T\u1eeb n\u0103m 1999 \u0111\u1ebfn n\u0103m 2005:<\/strong>&nbsp;M\u1edf r\u1ed9ng s\u00e2n Ch\u00f9a, t\u00f4n t\u1ea1o l\u1ea1i Ng\u00f4i Tam B\u1ea3o trong Hang th\u00e0nh 2 ph\u00f2ng v\u00e0 m\u1edf r\u1ed9ng khu\u00f4n vi\u00ean c\u1ea3nh quan, h\u00ecnh th\u00e0nh \u0111\u01b0\u1eddng v\u00e0o Ch\u00f9a.<\/p>\n<p class=\"rtejustify\" style=\"text-align: justify;\"><strong>&#8211; T\u1eeb n\u0103m 2006 \u0111\u1ebfn n\u0103m 2010:&nbsp;<\/strong>X\u00e2y d\u1ef1ng ch\u00ednh th\u1ee9c Ng\u00f4i Tam B\u1ea3o trong Hang th\u00e0nh 3 ph\u00f2ng v\u1edbi \u0111\u1ed3 th\u1edd t\u1ef1 \u0111\u1ea7y \u0111\u1ee7. Ph\u00f2ng ngo\u00e0i c\u00f9ng l\u00e0 Ng\u00f4i Tam B\u1ea3o. Ph\u00f2ng gi\u1eefa l\u00e0 n\u01a1i Th\u1ea7y ng\u1ed3i nh\u1eadn t\u00e2m linh v\u00e0 n\u0103ng l\u1ef1c t\u1eeb V\u0169 tr\u1ee5. Ph\u00f2ng cao nh\u1ea5t l\u00e0 Cung th\u1edd Ph\u1eadt T\u1ed5, th\u1edd Tr\u1eddi. C\u0169ng trong giai \u0111o\u1ea1n n\u00e0y, Cung th\u1edd \u0110\u1ee9c Ph\u1eadt A Di \u0110\u00e0, Cung th\u1edd \u0110\u1ee9c Ph\u1eadt D\u01b0\u1ee3c S\u01b0 v\u00e0 nh\u00e0 t\u1ea1m \u1edf c\u1ee7a Th\u1ea7y \u0111\u00e3 \u0111\u01b0\u1ee3c x\u00e2y d\u1ef1ng.<\/p>\n<p class=\"rtejustify\" style=\"text-align: justify;\"><strong>&#8211; T\u1eeb n\u0103m 2011 \u0111\u1ebfn n\u0103m 2018:&nbsp;<\/strong>X\u00e2y d\u1ef1ng t\u1ed5ng th\u1ec3 v\u00e0 ho\u00e0n thi\u1ec7n c\u00e1c c\u00f4ng tr\u00ecnh \u1edf khu v\u1ef1c Ch\u00f9a Th\u01b0\u1ee3ng. Trong qu\u00e1 tr\u00ecnh t\u00f4n t\u1ea1o, Th\u1ea7y \u0111\u1ee9ng ra v\u1eadn \u0111\u1ed9ng c\u00e1c Ph\u1eadt t\u1eed c\u0169ng nh\u01b0 c\u00e1c nh\u00e0 h\u1ea3o t\u00e2m c\u00f9ng g\u00f3p s\u1ee9c x\u00e2y d\u1ef1ng Ch\u00f9a. Giai \u0111o\u1ea1n n\u00e0y chia th\u00e0nh c\u00e1c c\u1ed9t m\u1ed1c nh\u01b0 sau:<\/p>\n<p class=\"rtejustify\" style=\"text-align: justify;\">+ N\u0103m 2012, x\u00e2y d\u1ef1ng v\u00e0 ho\u00e0n thi\u1ec7n khu\u00f4n vi\u00ean th\u1edd \u0110\u1ee9c Ph\u1eadt Quan Th\u1ebf \u00c2m B\u1ed3 T\u00e1t;<\/p>\n<p class=\"rtejustify\" style=\"text-align: justify;\">+ N\u0103m 2013, x\u00e2y d\u1ef1ng m\u1edf r\u1ed9ng khu\u00f4n vi\u00ean Ch\u00f9a v\u00e0 \u0111\u01b0\u1eddng \u0111i trong khu\u00f4n vi\u00ean Ch\u00f9a. T\u1ea5t c\u1ea3 c\u00f4ng vi\u1ec7c x\u00e2y d\u1ef1ng \u0111\u1ebfn th\u1eddi \u0111i\u1ec3m n\u00e0y \u0111\u1ec1u l\u00e0m b\u1eb1ng lao \u0111\u1ed9ng th\u1ee7 c\u00f4ng c\u1ee7a c\u00e1c Ph\u1eadt t\u1eed, do m\u00e1y m\u00f3c kh\u00f4ng c\u00f3 \u0111\u01b0\u1eddng l\u00ean Ch\u00f9a.<\/p>\n<p class=\"rtejustify\" style=\"text-align: justify;\">+ T\u1eeb n\u0103m 2014-2017, x\u00e2y khu nh\u00e0 3 t\u1ea7ng tr\u01b0\u1edbc s\u00e2n Ch\u00f9a. Nh\u00e0 n\u00e0y \u0111\u01b0\u1ee3c thi\u1ebft k\u1ebf s\u1eed d\u1ee5ng g\u1ed3m 3 t\u1ea7ng. T\u1ea7ng 1 l\u00e0 Th\u01b0 vi\u1ec7n kinh s\u00e1ch, gi\u00e1o l\u00fd. T\u1ea7ng 2 l\u00e0 h\u1ed9i tr\u01b0\u1eddng sinh ho\u1ea1t, h\u1ecdc t\u1eadp c\u1ee7a c\u00e1c Ph\u1eadt t\u1eed. T\u1ea7ng 3 l\u00e0 n\u01a1i th\u1edd ph\u1ee5ng \u0110\u1ee9c Ph\u1eadt Di-L\u1eb7c v\u00e0 l\u00e0 n\u01a1i tu thi\u1ec1n c\u1ee7a c\u00e1c Ph\u1eadt t\u1eed.<\/p>\n<p class=\"rtejustify\" style=\"text-align: justify;\">+ N\u0103m 2017, Ch\u00f9a kh\u1edfi c\u00f4ng x\u00e2y d\u1ef1ng khu nh\u00e0 T\u0103ng v\u00e0 khu\u00f4n vi\u00ean quanh khu v\u1ef1c nh\u00e0 T\u0103ng.<\/p>\n<p class=\"rtejustify\" style=\"text-align: justify;\">+ N\u0103m 2018, ho\u00e0n th\u00e0nh to\u00e0n b\u1ed9 vi\u1ec7c ph\u1ea7n x\u00e2y Ch\u00f9a v\u00e0 khu\u00f4n vi\u00ean Ch\u00f9a Th\u01b0\u1ee3ng, \u0111\u1ed3ng th\u1eddi ti\u1ebfp t\u1ee5c x\u00e2y d\u1ef1ng khu v\u1ef1c Ch\u00f9a H\u1ea1 trong qu\u1ea7n th\u1ec3 di t\u00edch Ch\u00f9a Hang, H\u00e0 T\u0129nh.<\/p>\n<p class=\"rtejustify\" style=\"text-align: justify;\"><strong>II. V\u1ec1 Ph\u1eadt t\u1eed Ch\u00f9a Hang, H\u00e0 T\u0129nh<\/strong><\/p>\n<p class=\"rtejustify\" style=\"text-align: justify;\">Trong qu\u00e1 tr\u00ecnh lao \u0111\u1ed9ng, tu h\u00e0nh v\u00e0 h\u1ecdc t\u1eadp t\u1ea1i Ch\u00f9a, \u0111i\u1ec3m \u0111\u1eb7c bi\u1ec7t c\u1ee7a Ch\u00f9a Hang&nbsp;l\u00e0 \u0111\u01b0\u1ee3c \u0110\u1ee9c Ph\u1eadt h\u1ea1 th\u1ebf \u1ee9ng b\u00e1o v\u00e0 m\u1edf ra c\u00e1c kh\u1ea3 n\u0103ng \u0111\u1eb7c bi\u1ec7t cho Ph\u1eadt t\u1eed, nh\u1eb1m c\u1ee9u \u0111\u1ed9 ch\u00fang sinh, h\u1ed3i ph\u1ee5c s\u1ee9c kh\u1ecfe, th\u1ec3 ch\u1ea5t v\u00e0 tinh th\u1ea7n cho con ng\u01b0\u1eddi. C\u00e0ng ng\u00e0y c\u00e1c kh\u1ea3 n\u0103ng n\u00e0y c\u00e0ng \u0111\u01b0\u1ee3c lan r\u1ed9ng, khai m\u1edf trong Ph\u1eadt t\u1eed v\u1ec1 Ch\u00f9a tu t\u1eadp. Kh\u00f4ng d\u1eebng l\u1ea1i \u1edf kh\u1ea3 n\u0103ng c\u1ee9u \u0111\u1ed9 b\u1ec7nh t\u1eadt, ph\u1ee5c h\u1ed3i s\u1ee9c kh\u1ecfe con ng\u01b0\u1eddi, \u0110\u1ee9c Ph\u1eadt c\u00f2n khai m\u1edf kh\u1ea3 n\u0103ng t\u00e2m linh cho Ph\u1eadt t\u1eed ti\u1ebfp c\u1eadn v\u1edbi th\u1ebf gi\u1edbi si\u00eau h\u00ecnh v\u00e0 th\u1ebf gi\u1edbi si\u00eau nhi\u00ean. Do \u0111\u00f3, Ph\u1eadt t\u1eed tu t\u1eadp t\u1ea1i Ch\u00f9a Hang nh\u1eadn bi\u1ebft \u0111\u01b0\u1ee3c th\u00f4ng tin v\u1ec1 con ng\u01b0\u1eddi, v\u1ec1 th\u1ebf gi\u1edbi, v\u1ec1 v\u0169 tr\u1ee5 th\u00f4ng qua t\u00e2m linh v\u00e0 t\u1eebng b\u01b0\u1edbc \u0111i v\u00e0o l\u1ee3i \u00edch l\u1edbn cho c\u1ed9ng \u0111\u1ed3ng.<\/p>\n<p class=\"rtejustify\" style=\"text-align: justify;\">Ch\u00f9a lu\u00f4n m\u1edf c\u1eeda ti\u1ebfp nh\u1eadn c\u00e1c Ph\u1eadt t\u1eed c\u00f3 c\u0103n duy\u00ean, \u0111\u00e0o t\u1ea1o khai m\u1edf c\u00e1c kh\u1ea3 n\u0103ng si\u00eau nhi\u00ean v\u00e0 h\u1ecdc t\u1eadp gi\u00e1o l\u00fd c\u1ee7a \u0110\u1ee9c Ph\u1eadt \u0111\u1ec3 ho\u00e0n thi\u1ec7n b\u1ea3n th\u00e2n v\u00e0 ph\u00e1t tri\u1ec3n.<\/p>\n<p style=\"text-align: justify;\">&nbsp;<\/p>\n","protected":false},"excerpt":{"rendered":"<p>I. L\u1ecbch s\u1eed h\u00ecnh th\u00e0nh v\u00e0 t\u00f4n t\u1ea1o Ch\u00f9a Theo l\u1ecbch s\u1eed, Ch\u00f9a Hang t\u1ecda l\u1ea1c tr\u00ean d\u00e3y n\u00fai H\u1ed3ng L\u0129nh (H\u00e0 T\u0129nh) c\u00f3 t\u1eeb th\u1eddi H\u1eadu L\u00ea, \u0111\u01b0\u1ee3c bi\u1ebft \u0111\u1ebfn t\u1eeb th\u1ebf k\u1ef7 XVII. Ch\u00f9a n\u1eb1m trong chu\u1ed7i li\u00ean k\u1ebft h\u1ec7 th\u1ed1ng ch\u00f9a c\u00f9ng tr\u00ean d\u00e3y&nbsp;n\u00fai H\u1ed3ng L\u0129nh, ph\u00eda B\u1eafc c\u00f3 Ch\u00f9a Thi\u00ean T\u01b0\u1ee3ng,&#8230;<\/p>\n","protected":false},"author":1,"featured_media":7,"parent":0,"menu_order":0,"comment_status":"closed","ping_status":"closed","template":"","meta":{"ngg_post_thumbnail":0,"footnotes":""},"class_list":["post-6","page","type-page","status-publish","has-post-thumbnail","hentry"],"_links":{"self":[{"href":"https:\/\/www.chuahanghatinh.org\/index.php?rest_route=\/wp\/v2\/pages\/6","targetHints":{"allow":["GET"]}}],"collection":[{"href":"https:\/\/www.chuahanghatinh.org\/index.php?rest_route=\/wp\/v2\/pages"}],"about":[{"href":"https:\/\/www.chuahanghatinh.org\/index.php?rest_route=\/wp\/v2\/types\/page"}],"author":[{"embeddable":true,"href":"https:\/\/www.chuahanghatinh.org\/index.php?rest_route=\/wp\/v2\/users\/1"}],"replies":[{"embeddable":true,"href":"https:\/\/www.chuahanghatinh.org\/index.php?rest_route=%2Fwp%2Fv2%2Fcomments&post=6"}],"version-history":[{"count":8,"href":"https:\/\/www.chuahanghatinh.org\/index.php?rest_route=\/wp\/v2\/pages\/6\/revisions"}],"predecessor-version":[{"id":459,"href":"https:\/\/www.chuahanghatinh.org\/index.php?rest_route=\/wp\/v2\/pages\/6\/revisions\/459"}],"wp:featuredmedia":[{"embeddable":true,"href":"https:\/\/www.chuahanghatinh.org\/index.php?rest_route=\/wp\/v2\/media\/7"}],"wp:attachment":[{"href":"https:\/\/www.chuahanghatinh.org\/index.php?rest_route=%2Fwp%2Fv2%2Fmedia&parent=6"}],"curies":[{"name":"wp","href":"https:\/\/api.w.org\/{rel}","templated":true}]}}